{"id":306,"date":"2025-06-30T13:32:12","date_gmt":"2025-06-30T13:32:12","guid":{"rendered":"https:\/\/daruridelumina.ro\/?post_type=product&#038;p=306"},"modified":"2025-06-30T13:32:13","modified_gmt":"2025-06-30T13:32:13","slug":"%f0%9f%8c%88-bratara-chakrelor-bijuteria-spiritului","status":"publish","type":"product","link":"https:\/\/daruridelumina.ro\/?product=%f0%9f%8c%88-bratara-chakrelor-bijuteria-spiritului","title":{"rendered":"\ud83c\udf08 Br\u0103\u021bara Chakrelor \u2013 Bijuteria Spiritului"},"content":{"rendered":"<h2 data-start=\"120\" data-end=\"170\">\ud83c\udf08 Br\u0103\u021bara Chakrelor \u2013 <em data-start=\"146\" data-end=\"168\">Bijuteria Spiritului<\/em><\/h2>\n<p data-start=\"171\" data-end=\"205\"><strong data-start=\"171\" data-end=\"205\">Energie \u2013 Echilibru \u2013 Inten\u021bie<\/strong><\/p>\n<p data-start=\"207\" data-end=\"413\">Transform\u0103-\u021bi rutina zilnic\u0103 \u00eentr-un ritual de armonizare interioar\u0103 cu aceast\u0103 br\u0103\u021bar\u0103 unic\u0103, realizat\u0103 din pietre semipre\u021bioase autentice, fiecare simboliz\u00e2nd o chakr\u0103 \u0219i o stare superioar\u0103 de con\u0219tiin\u021b\u0103.<\/p>\n<hr data-start=\"415\" data-end=\"418\" \/>\n<h3 data-start=\"420\" data-end=\"435\">\ud83d\udc8e Con\u021bine:<\/h3>\n<ul data-start=\"436\" data-end=\"803\">\n<li data-start=\"436\" data-end=\"497\">\n<p data-start=\"438\" data-end=\"497\"><strong data-start=\"438\" data-end=\"454\">Clear Quartz<\/strong> \u2013 claritate \u0219i vibra\u021bie \u00eenalt\u0103 (Coroan\u0103)<\/p>\n<\/li>\n<li data-start=\"498\" data-end=\"543\">\n<p data-start=\"500\" data-end=\"543\"><strong data-start=\"500\" data-end=\"512\">Amethyst<\/strong> \u2013 protec\u021bie \u0219i calm (Frunte)<\/p>\n<\/li>\n<li data-start=\"544\" data-end=\"593\">\n<p data-start=\"546\" data-end=\"593\"><strong data-start=\"546\" data-end=\"562\">Lapis Lazuli<\/strong> \u2013 comunicare autentic\u0103 (G\u00e2t)<\/p>\n<\/li>\n<li data-start=\"594\" data-end=\"646\">\n<p data-start=\"596\" data-end=\"646\"><strong data-start=\"596\" data-end=\"616\">Green Aventurine<\/strong> \u2013 iubire, echilibru (Inim\u0103)<\/p>\n<\/li>\n<li data-start=\"647\" data-end=\"698\">\n<p data-start=\"649\" data-end=\"698\"><strong data-start=\"649\" data-end=\"664\">Tiger\u2019s Eye<\/strong> \u2013 putere personal\u0103 (Plex Solar)<\/p>\n<\/li>\n<li data-start=\"699\" data-end=\"750\">\n<p data-start=\"701\" data-end=\"750\"><strong data-start=\"701\" data-end=\"712\">Citrine<\/strong> \u2013 energie \u0219i creativitate (Sacral\u0103)<\/p>\n<\/li>\n<li data-start=\"751\" data-end=\"803\">\n<p data-start=\"753\" data-end=\"803\"><strong data-start=\"753\" data-end=\"767\">Red Jasper<\/strong> \u2013 siguran\u021b\u0103, stabilitate (R\u0103d\u0103cin\u0103)<\/p>\n<\/li>\n<li data-start=\"751\" data-end=\"803\">\n<hr data-start=\"805\" data-end=\"808\" \/>\n<h3 data-start=\"810\" data-end=\"831\">\ud83c\udf81 Cutia con\u021bine:<\/h3>\n<ul data-start=\"832\" data-end=\"1081\">\n<li data-start=\"832\" data-end=\"872\">\n<p data-start=\"834\" data-end=\"872\">Br\u0103\u021bara elastic\u0103 din pietre naturale<\/p>\n<\/li>\n<li data-start=\"873\" data-end=\"918\">\n<p data-start=\"875\" data-end=\"918\">Cartona\u0219 cu semnifica\u021biile celor 7 chakre<\/p>\n<\/li>\n<li data-start=\"919\" data-end=\"1023\">\n<p data-start=\"921\" data-end=\"1023\">Afirmatie de sus\u021binere energetic\u0103:<br data-start=\"955\" data-end=\"958\" \/><em data-start=\"960\" data-end=\"1021\">\u201e\u00cemi echilibrez energia interioar\u0103 \u0219i tr\u0103iesc cu inten\u021bie.\u201d<\/em><\/p>\n<\/li>\n<li data-start=\"1024\" data-end=\"1081\">\n<p data-start=\"1026\" data-end=\"1081\">Ambalaj elegant cu fund\u0103 satinat\u0103, gata de oferit cadou<\/p>\n<\/li>\n<\/ul>\n<hr data-start=\"1083\" data-end=\"1086\" \/>\n<h3 data-start=\"1088\" data-end=\"1107\">\u2728 Ideal pentru:<\/h3>\n<ul data-start=\"1108\" data-end=\"1251\">\n<li data-start=\"1108\" data-end=\"1133\">\n<p data-start=\"1110\" data-end=\"1133\">Cadou spiritual rafinat<\/p>\n<\/li>\n<li data-start=\"1134\" data-end=\"1188\">\n<p data-start=\"1136\" data-end=\"1188\">Practican\u021bi de yoga, medita\u021bie sau terapie holistic\u0103<\/p>\n<\/li>\n<li data-start=\"1189\" data-end=\"1251\">\n<p data-start=\"1191\" data-end=\"1251\">\u00cencep\u0103tori \u00een cunoa\u0219terea chakrelor sau iubitori de cristale<\/p>\n<\/li>\n<\/ul>\n<\/li>\n<\/ul>\n","protected":false},"excerpt":{"rendered":"<p>\ud83c\udf08 Br\u0103\u021bara Chakrelor \u2013 Bijuteria Spiritului Energie \u2013 Echilibru \u2013 Inten\u021bie Transform\u0103-\u021bi rutina zilnic\u0103 \u00eentr-un ritual de armonizare interioar\u0103 cu [&hellip;]<\/p>\n","protected":false},"featured_media":307,"comment_status":"open","ping_status":"closed","template":"","meta":{"site-sidebar-layout":"default","site-content-layout":"","ast-site-content-layout":"default","site-content-style":"default","site-sidebar-style":"default","ast-global-header-display":"","ast-banner-title-visibility":"","ast-main-header-display":"","ast-hfb-above-header-display":"","ast-hfb-below-header-display":"","ast-hfb-mobile-header-display":"","site-post-title":"","ast-breadcrumbs-content":"","ast-featured-img":"","footer-sml-layout":"","theme-transparent-header-meta":"default","adv-header-id-meta":"","stick-header-meta":"","header-above-stick-meta":"","header-main-stick-meta":"","header-below-stick-meta":"","astra-migrate-meta-layouts":"set","ast-page-background-enabled":"default","ast-page-background-meta":{"desktop":{"background-color":"var(--ast-global-color-5)","background-image":"","background-repeat":"repeat","background-position":"center center","background-size":"auto","background-attachment":"scroll","background-type":"","background-media":"","overlay-type":"","overlay-color":"","overlay-opacity":"","overlay-gradient":""},"tablet":{"background-color":"","background-image":"","background-repeat":"repeat","background-position":"center center","background-size":"auto","background-attachment":"scroll","background-type":"","background-media":"","overlay-type":"","overlay-color":"","overlay-opacity":"","overlay-gradient":""},"mobile":{"background-color":"","background-image":"","background-repeat":"repeat","background-position":"center center","background-size":"auto","background-attachment":"scroll","background-type":"","background-media":"","overlay-type":"","overlay-color":"","overlay-opacity":"","overlay-gradient":""}},"ast-content-background-meta":{"desktop":{"background-color":"var(--ast-global-color-4)","background-image":"","background-repeat":"repeat","background-position":"center center","background-size":"auto","background-attachment":"scroll","background-type":"","background-media":"","overlay-type":"","overlay-color":"","overlay-opacity":"","overlay-gradient":""},"tablet":{"background-color":"var(--ast-global-color-4)","background-image":"","background-repeat":"repeat","background-position":"center center","background-size":"auto","background-attachment":"scroll","background-type":"","background-media":"","overlay-type":"","overlay-color":"","overlay-opacity":"","overlay-gradient":""},"mobile":{"background-color":"var(--ast-global-color-4)","background-image":"","background-repeat":"repeat","background-position":"center center","background-size":"auto","background-attachment":"scroll","background-type":"","background-media":"","overlay-type":"","overlay-color":"","overlay-opacity":"","overlay-gradient":""}}},"product_brand":[],"product_cat":[33,26,30,27],"product_tag":[],"class_list":{"0":"post-306","1":"product","2":"type-product","3":"status-publish","4":"has-post-thumbnail","6":"product_cat-cadouri-si-ocazii-speciale","7":"product_cat-cele-7-chakre","8":"product_cat-cristale-si-pietre-naturale","9":"product_cat-pietre-naturale","10":"desktop-align-left","11":"tablet-align-left","12":"mobile-align-left","14":"first","15":"instock","16":"sale","17":"shipping-taxable","18":"purchasable","19":"product-type-simple"},"yoast_head":"<!-- This site is optimized with the Yoast SEO plugin v25.4 - https:\/\/yoast.com\/wordpress\/plugins\/seo\/ -->\n<title>\ud83c\udf08 Br\u0103\u021bara Chakrelor \u2013 Bijuteria Spiritului - Daruri de lumina<\/title>\n<meta name=\"robots\" content=\"index, follow, max-snippet:-1, max-image-preview:large, max-video-preview:-1\" \/>\n<link rel=\"canonical\" href=\"https:\/\/daruridelumina.ro\/?product=\ud83c\udf08-bratara-chakrelor-bijuteria-spiritului\" \/>\n<meta property=\"og:locale\" content=\"ro_RO\" \/>\n<meta property=\"og:type\" content=\"article\" \/>\n<meta property=\"og:title\" content=\"\ud83c\udf08 Br\u0103\u021bara Chakrelor \u2013 Bijuteria Spiritului - Daruri de lumina\" \/>\n<meta property=\"og:description\" content=\"\ud83c\udf08 Br\u0103\u021bara Chakrelor \u2013 Bijuteria Spiritului Energie \u2013 Echilibru \u2013 Inten\u021bie Transform\u0103-\u021bi rutina zilnic\u0103 \u00eentr-un ritual de armonizare interioar\u0103 cu [&hellip;]\" \/>\n<meta property=\"og:url\" content=\"https:\/\/daruridelumina.ro\/?product=\ud83c\udf08-bratara-chakrelor-bijuteria-spiritului\" \/>\n<meta property=\"og:site_name\" content=\"Daruri de lumina\" \/>\n<meta property=\"article:publisher\" content=\"https:\/\/www.facebook.com\/profile.php?id=61577160707023\" \/>\n<meta property=\"article:modified_time\" content=\"2025-06-30T13:32:13+00:00\" \/>\n<meta property=\"og:image\" content=\"https:\/\/daruridelumina.ro\/wp-content\/uploads\/2025\/06\/ChatGPT-Image-30-iun.-2025-16_21_41.png\" \/>\n\t<meta property=\"og:image:width\" content=\"1024\" \/>\n\t<meta property=\"og:image:height\" content=\"1024\" \/>\n\t<meta property=\"og:image:type\" content=\"image\/png\" \/>\n<meta name=\"twitter:card\" content=\"summary_large_image\" \/>\n<meta name=\"twitter:label1\" content=\"Timp estimat pentru citire\" \/>\n\t<meta name=\"twitter:data1\" content=\"1 minut\" \/>\n<script type=\"application\/ld+json\" class=\"yoast-schema-graph\">{\"@context\":\"https:\/\/schema.org\",\"@graph\":[{\"@type\":\"WebPage\",\"@id\":\"https:\/\/daruridelumina.ro\/?product=%f0%9f%8c%88-bratara-chakrelor-bijuteria-spiritului\",\"url\":\"https:\/\/daruridelumina.ro\/?product=%f0%9f%8c%88-bratara-chakrelor-bijuteria-spiritului\",\"name\":\"\ud83c\udf08 Br\u0103\u021bara Chakrelor \u2013 Bijuteria Spiritului - Daruri de lumina\",\"isPartOf\":{\"@id\":\"https:\/\/daruridelumina.ro\/#website\"},\"primaryImageOfPage\":{\"@id\":\"https:\/\/daruridelumina.ro\/?product=%f0%9f%8c%88-bratara-chakrelor-bijuteria-spiritului#primaryimage\"},\"image\":{\"@id\":\"https:\/\/daruridelumina.ro\/?product=%f0%9f%8c%88-bratara-chakrelor-bijuteria-spiritului#primaryimage\"},\"thumbnailUrl\":\"https:\/\/daruridelumina.ro\/wp-content\/uploads\/2025\/06\/ChatGPT-Image-30-iun.-2025-16_21_41.png\",\"datePublished\":\"2025-06-30T13:32:12+00:00\",\"dateModified\":\"2025-06-30T13:32:13+00:00\",\"breadcrumb\":{\"@id\":\"https:\/\/daruridelumina.ro\/?product=%f0%9f%8c%88-bratara-chakrelor-bijuteria-spiritului#breadcrumb\"},\"inLanguage\":\"ro-RO\",\"potentialAction\":[{\"@type\":\"ReadAction\",\"target\":[\"https:\/\/daruridelumina.ro\/?product=%f0%9f%8c%88-bratara-chakrelor-bijuteria-spiritului\"]}]},{\"@type\":\"ImageObject\",\"inLanguage\":\"ro-RO\",\"@id\":\"https:\/\/daruridelumina.ro\/?product=%f0%9f%8c%88-bratara-chakrelor-bijuteria-spiritului#primaryimage\",\"url\":\"https:\/\/daruridelumina.ro\/wp-content\/uploads\/2025\/06\/ChatGPT-Image-30-iun.-2025-16_21_41.png\",\"contentUrl\":\"https:\/\/daruridelumina.ro\/wp-content\/uploads\/2025\/06\/ChatGPT-Image-30-iun.-2025-16_21_41.png\",\"width\":1024,\"height\":1024},{\"@type\":\"BreadcrumbList\",\"@id\":\"https:\/\/daruridelumina.ro\/?product=%f0%9f%8c%88-bratara-chakrelor-bijuteria-spiritului#breadcrumb\",\"itemListElement\":[{\"@type\":\"ListItem\",\"position\":1,\"name\":\"Prima pagin\u0103\",\"item\":\"https:\/\/daruridelumina.ro\/\"},{\"@type\":\"ListItem\",\"position\":2,\"name\":\"Magazin\",\"item\":\"https:\/\/daruridelumina.ro\/?page_id=5\"},{\"@type\":\"ListItem\",\"position\":3,\"name\":\"\ud83c\udf08 Br\u0103\u021bara Chakrelor \u2013 Bijuteria Spiritului\"}]},{\"@type\":\"WebSite\",\"@id\":\"https:\/\/daruridelumina.ro\/#website\",\"url\":\"https:\/\/daruridelumina.ro\/\",\"name\":\"Daruri de lumina\",\"description\":\"\",\"publisher\":{\"@id\":\"https:\/\/daruridelumina.ro\/#organization\"},\"potentialAction\":[{\"@type\":\"SearchAction\",\"target\":{\"@type\":\"EntryPoint\",\"urlTemplate\":\"https:\/\/daruridelumina.ro\/?s={search_term_string}\"},\"query-input\":{\"@type\":\"PropertyValueSpecification\",\"valueRequired\":true,\"valueName\":\"search_term_string\"}}],\"inLanguage\":\"ro-RO\"},{\"@type\":\"Organization\",\"@id\":\"https:\/\/daruridelumina.ro\/#organization\",\"name\":\"Daruri de lumina\",\"url\":\"https:\/\/daruridelumina.ro\/\",\"logo\":{\"@type\":\"ImageObject\",\"inLanguage\":\"ro-RO\",\"@id\":\"https:\/\/daruridelumina.ro\/#\/schema\/logo\/image\/\",\"url\":\"https:\/\/daruridelumina.ro\/wp-content\/uploads\/2025\/06\/daruri_de_lumina_315x100.jpg\",\"contentUrl\":\"https:\/\/daruridelumina.ro\/wp-content\/uploads\/2025\/06\/daruri_de_lumina_315x100.jpg\",\"width\":315,\"height\":100,\"caption\":\"Daruri de lumina\"},\"image\":{\"@id\":\"https:\/\/daruridelumina.ro\/#\/schema\/logo\/image\/\"},\"sameAs\":[\"https:\/\/www.facebook.com\/profile.php?id=61577160707023\"]}]}<\/script>\n<!-- \/ Yoast SEO plugin. -->","yoast_head_json":{"title":"\ud83c\udf08 Br\u0103\u021bara Chakrelor \u2013 Bijuteria Spiritului - Daruri de lumina","robots":{"index":"index","follow":"follow","max-snippet":"max-snippet:-1","max-image-preview":"max-image-preview:large","max-video-preview":"max-video-preview:-1"},"canonical":"https:\/\/daruridelumina.ro\/?product=\ud83c\udf08-bratara-chakrelor-bijuteria-spiritului","og_locale":"ro_RO","og_type":"article","og_title":"\ud83c\udf08 Br\u0103\u021bara Chakrelor \u2013 Bijuteria Spiritului - Daruri de lumina","og_description":"\ud83c\udf08 Br\u0103\u021bara Chakrelor \u2013 Bijuteria Spiritului Energie \u2013 Echilibru \u2013 Inten\u021bie Transform\u0103-\u021bi rutina zilnic\u0103 \u00eentr-un ritual de armonizare interioar\u0103 cu [&hellip;]","og_url":"https:\/\/daruridelumina.ro\/?product=\ud83c\udf08-bratara-chakrelor-bijuteria-spiritului","og_site_name":"Daruri de lumina","article_publisher":"https:\/\/www.facebook.com\/profile.php?id=61577160707023","article_modified_time":"2025-06-30T13:32:13+00:00","og_image":[{"url":"https:\/\/daruridelumina.ro\/wp-content\/uploads\/2025\/06\/ChatGPT-Image-30-iun.-2025-16_21_41.png","width":1024,"height":1024,"type":"image\/png"}],"twitter_card":"summary_large_image","twitter_misc":{"Timp estimat pentru citire":"1 minut"},"schema":{"@context":"https:\/\/schema.org","@graph":[{"@type":"WebPage","@id":"https:\/\/daruridelumina.ro\/?product=%f0%9f%8c%88-bratara-chakrelor-bijuteria-spiritului","url":"https:\/\/daruridelumina.ro\/?product=%f0%9f%8c%88-bratara-chakrelor-bijuteria-spiritului","name":"\ud83c\udf08 Br\u0103\u021bara Chakrelor \u2013 Bijuteria Spiritului - Daruri de lumina","isPartOf":{"@id":"https:\/\/daruridelumina.ro\/#website"},"primaryImageOfPage":{"@id":"https:\/\/daruridelumina.ro\/?product=%f0%9f%8c%88-bratara-chakrelor-bijuteria-spiritului#primaryimage"},"image":{"@id":"https:\/\/daruridelumina.ro\/?product=%f0%9f%8c%88-bratara-chakrelor-bijuteria-spiritului#primaryimage"},"thumbnailUrl":"https:\/\/daruridelumina.ro\/wp-content\/uploads\/2025\/06\/ChatGPT-Image-30-iun.-2025-16_21_41.png","datePublished":"2025-06-30T13:32:12+00:00","dateModified":"2025-06-30T13:32:13+00:00","breadcrumb":{"@id":"https:\/\/daruridelumina.ro\/?product=%f0%9f%8c%88-bratara-chakrelor-bijuteria-spiritului#breadcrumb"},"inLanguage":"ro-RO","potentialAction":[{"@type":"ReadAction","target":["https:\/\/daruridelumina.ro\/?product=%f0%9f%8c%88-bratara-chakrelor-bijuteria-spiritului"]}]},{"@type":"ImageObject","inLanguage":"ro-RO","@id":"https:\/\/daruridelumina.ro\/?product=%f0%9f%8c%88-bratara-chakrelor-bijuteria-spiritului#primaryimage","url":"https:\/\/daruridelumina.ro\/wp-content\/uploads\/2025\/06\/ChatGPT-Image-30-iun.-2025-16_21_41.png","contentUrl":"https:\/\/daruridelumina.ro\/wp-content\/uploads\/2025\/06\/ChatGPT-Image-30-iun.-2025-16_21_41.png","width":1024,"height":1024},{"@type":"BreadcrumbList","@id":"https:\/\/daruridelumina.ro\/?product=%f0%9f%8c%88-bratara-chakrelor-bijuteria-spiritului#breadcrumb","itemListElement":[{"@type":"ListItem","position":1,"name":"Prima pagin\u0103","item":"https:\/\/daruridelumina.ro\/"},{"@type":"ListItem","position":2,"name":"Magazin","item":"https:\/\/daruridelumina.ro\/?page_id=5"},{"@type":"ListItem","position":3,"name":"\ud83c\udf08 Br\u0103\u021bara Chakrelor \u2013 Bijuteria Spiritului"}]},{"@type":"WebSite","@id":"https:\/\/daruridelumina.ro\/#website","url":"https:\/\/daruridelumina.ro\/","name":"Daruri de lumina","description":"","publisher":{"@id":"https:\/\/daruridelumina.ro\/#organization"},"potentialAction":[{"@type":"SearchAction","target":{"@type":"EntryPoint","urlTemplate":"https:\/\/daruridelumina.ro\/?s={search_term_string}"},"query-input":{"@type":"PropertyValueSpecification","valueRequired":true,"valueName":"search_term_string"}}],"inLanguage":"ro-RO"},{"@type":"Organization","@id":"https:\/\/daruridelumina.ro\/#organization","name":"Daruri de lumina","url":"https:\/\/daruridelumina.ro\/","logo":{"@type":"ImageObject","inLanguage":"ro-RO","@id":"https:\/\/daruridelumina.ro\/#\/schema\/logo\/image\/","url":"https:\/\/daruridelumina.ro\/wp-content\/uploads\/2025\/06\/daruri_de_lumina_315x100.jpg","contentUrl":"https:\/\/daruridelumina.ro\/wp-content\/uploads\/2025\/06\/daruri_de_lumina_315x100.jpg","width":315,"height":100,"caption":"Daruri de lumina"},"image":{"@id":"https:\/\/daruridelumina.ro\/#\/schema\/logo\/image\/"},"sameAs":["https:\/\/www.facebook.com\/profile.php?id=61577160707023"]}]}},"_links":{"self":[{"href":"https:\/\/daruridelumina.ro\/index.php?rest_route=\/wp\/v2\/product\/306","targetHints":{"allow":["GET"]}}],"collection":[{"href":"https:\/\/daruridelumina.ro\/index.php?rest_route=\/wp\/v2\/product"}],"about":[{"href":"https:\/\/daruridelumina.ro\/index.php?rest_route=\/wp\/v2\/types\/product"}],"replies":[{"embeddable":true,"href":"https:\/\/daruridelumina.ro\/index.php?rest_route=%2Fwp%2Fv2%2Fcomments&post=306"}],"wp:featuredmedia":[{"embeddable":true,"href":"https:\/\/daruridelumina.ro\/index.php?rest_route=\/wp\/v2\/media\/307"}],"wp:attachment":[{"href":"https:\/\/daruridelumina.ro\/index.php?rest_route=%2Fwp%2Fv2%2Fmedia&parent=306"}],"wp:term":[{"taxonomy":"product_brand","embeddable":true,"href":"https:\/\/daruridelumina.ro\/index.php?rest_route=%2Fwp%2Fv2%2Fproduct_brand&post=306"},{"taxonomy":"product_cat","embeddable":true,"href":"https:\/\/daruridelumina.ro\/index.php?rest_route=%2Fwp%2Fv2%2Fproduct_cat&post=306"},{"taxonomy":"product_tag","embeddable":true,"href":"https:\/\/daruridelumina.ro\/index.php?rest_route=%2Fwp%2Fv2%2Fproduct_tag&post=306"}],"curies":[{"name":"wp","href":"https:\/\/api.w.org\/{rel}","templated":true}]}}