{"id":365,"date":"2025-07-02T10:17:49","date_gmt":"2025-07-02T10:17:49","guid":{"rendered":"https:\/\/daruridelumina.ro\/?post_type=product&#038;p=365"},"modified":"2025-07-02T10:17:49","modified_gmt":"2025-07-02T10:17:49","slug":"aroma-difuzoare-pentru-masina-libelula-30mm","status":"publish","type":"product","link":"https:\/\/daruridelumina.ro\/?product=aroma-difuzoare-pentru-masina-libelula-30mm","title":{"rendered":"Aroma Difuzoare pentru Ma\u0219in\u0103 &#8211; Libelul\u0103- 30mm"},"content":{"rendered":"<p>Bucura\u021bi-v\u0103 de c\u0103l\u0103toria dvs. cu ma\u0219ina cu aceste\u00a0<strong>Difuzoare de Arome unice <\/strong>\u00a0Pute\u021bi alege uleiurile esen\u021biale sau amestecurile preferate \u0219i pute\u021bi experimenta beneficiile pozitive pentru s\u0103n\u0103tate pe care le ofer\u0103 \u00een timp ce conduce\u021bi.<\/p>\n<p>Medalionul de design con\u021bine un tampon de p\u00e2sl\u0103 care absoarbe c\u00e2teva pic\u0103turi de ulei. Ata\u0219a\u021bi panoul de ventila\u021bie din ma\u0219in\u0103, astfel \u00eenc\u00e2t mirosul s\u0103 se poat\u0103 r\u0103sp\u00e2ndi. Carcasa este fabricat\u0103 din o\u021bel inoxidabil de \u00eenalt\u0103 calitate \u0219i este furnizat\u0103 cu 10 pl\u0103cu\u021be de p\u00e2sl\u0103 lavabile \u0219i refolosibile \u00een diverse culori.<\/p>\n<p>&#8211; \u00cenfrumuse\u021beaz\u0103-\u021bi vehiculul cu bijuterii unice<\/p>\n<p>&#8211; Alege-\u021bi propriul parfum pentru a se potrivi dispozi\u021biei tale<\/p>\n<p>&#8211; Include 10 inser\u021bii colorate<\/p>\n","protected":false},"excerpt":{"rendered":"<p>Bucura\u021bi-v\u0103 de c\u0103l\u0103toria dvs. cu ma\u0219ina cu aceste\u00a0Difuzoare de Arome unice \u00a0Pute\u021bi alege uleiurile esen\u021biale sau amestecurile preferate \u0219i pute\u021bi [&hellip;]<\/p>\n","protected":false},"featured_media":367,"comment_status":"open","ping_status":"closed","template":"","meta":{"site-sidebar-layout":"default","site-content-layout":"","ast-site-content-layout":"default","site-content-style":"default","site-sidebar-style":"default","ast-global-header-display":"","ast-banner-title-visibility":"","ast-main-header-display":"","ast-hfb-above-header-display":"","ast-hfb-below-header-display":"","ast-hfb-mobile-header-display":"","site-post-title":"","ast-breadcrumbs-content":"","ast-featured-img":"","footer-sml-layout":"","theme-transparent-header-meta":"default","adv-header-id-meta":"","stick-header-meta":"","header-above-stick-meta":"","header-main-stick-meta":"","header-below-stick-meta":"","astra-migrate-meta-layouts":"set","ast-page-background-enabled":"default","ast-page-background-meta":{"desktop":{"background-color":"var(--ast-global-color-5)","background-image":"","background-repeat":"repeat","background-position":"center center","background-size":"auto","background-attachment":"scroll","background-type":"","background-media":"","overlay-type":"","overlay-color":"","overlay-opacity":"","overlay-gradient":""},"tablet":{"background-color":"","background-image":"","background-repeat":"repeat","background-position":"center center","background-size":"auto","background-attachment":"scroll","background-type":"","background-media":"","overlay-type":"","overlay-color":"","overlay-opacity":"","overlay-gradient":""},"mobile":{"background-color":"","background-image":"","background-repeat":"repeat","background-position":"center center","background-size":"auto","background-attachment":"scroll","background-type":"","background-media":"","overlay-type":"","overlay-color":"","overlay-opacity":"","overlay-gradient":""}},"ast-content-background-meta":{"desktop":{"background-color":"var(--ast-global-color-4)","background-image":"","background-repeat":"repeat","background-position":"center center","background-size":"auto","background-attachment":"scroll","background-type":"","background-media":"","overlay-type":"","overlay-color":"","overlay-opacity":"","overlay-gradient":""},"tablet":{"background-color":"var(--ast-global-color-4)","background-image":"","background-repeat":"repeat","background-position":"center center","background-size":"auto","background-attachment":"scroll","background-type":"","background-media":"","overlay-type":"","overlay-color":"","overlay-opacity":"","overlay-gradient":""},"mobile":{"background-color":"var(--ast-global-color-4)","background-image":"","background-repeat":"repeat","background-position":"center center","background-size":"auto","background-attachment":"scroll","background-type":"","background-media":"","overlay-type":"","overlay-color":"","overlay-opacity":"","overlay-gradient":""}}},"product_brand":[],"product_cat":[28,33,32],"product_tag":[],"class_list":{"0":"post-365","1":"product","2":"type-product","3":"status-publish","4":"has-post-thumbnail","6":"product_cat-aromaterapie","7":"product_cat-cadouri-si-ocazii-speciale","8":"product_cat-uleiuri-si-esente","9":"desktop-align-left","10":"tablet-align-left","11":"mobile-align-left","13":"first","14":"instock","15":"sale","16":"shipping-taxable","17":"purchasable","18":"product-type-simple"},"yoast_head":"<!-- This site is optimized with the Yoast SEO plugin v25.4 - https:\/\/yoast.com\/wordpress\/plugins\/seo\/ -->\n<title>Aroma Difuzoare pentru Ma\u0219in\u0103 - Libelul\u0103- 30mm - Daruri de lumina<\/title>\n<meta name=\"robots\" content=\"index, follow, max-snippet:-1, max-image-preview:large, max-video-preview:-1\" \/>\n<link rel=\"canonical\" href=\"https:\/\/daruridelumina.ro\/?product=aroma-difuzoare-pentru-masina-libelula-30mm\" \/>\n<meta property=\"og:locale\" content=\"ro_RO\" \/>\n<meta property=\"og:type\" content=\"article\" \/>\n<meta property=\"og:title\" content=\"Aroma Difuzoare pentru Ma\u0219in\u0103 - Libelul\u0103- 30mm - Daruri de lumina\" \/>\n<meta property=\"og:description\" content=\"Bucura\u021bi-v\u0103 de c\u0103l\u0103toria dvs. cu ma\u0219ina cu aceste\u00a0Difuzoare de Arome unice \u00a0Pute\u021bi alege uleiurile esen\u021biale sau amestecurile preferate \u0219i pute\u021bi [&hellip;]\" \/>\n<meta property=\"og:url\" content=\"https:\/\/daruridelumina.ro\/?product=aroma-difuzoare-pentru-masina-libelula-30mm\" \/>\n<meta property=\"og:site_name\" content=\"Daruri de lumina\" \/>\n<meta property=\"article:publisher\" content=\"https:\/\/www.facebook.com\/profile.php?id=61577160707023\" \/>\n<meta property=\"og:image\" content=\"https:\/\/daruridelumina.ro\/wp-content\/uploads\/2025\/07\/wi-54.jpeg\" \/>\n\t<meta property=\"og:image:width\" content=\"400\" \/>\n\t<meta property=\"og:image:height\" content=\"400\" \/>\n\t<meta property=\"og:image:type\" content=\"image\/jpeg\" \/>\n<meta name=\"twitter:card\" content=\"summary_large_image\" \/>\n<meta name=\"twitter:label1\" content=\"Timp estimat pentru citire\" \/>\n\t<meta name=\"twitter:data1\" content=\"1 minut\" \/>\n<script type=\"application\/ld+json\" class=\"yoast-schema-graph\">{\"@context\":\"https:\/\/schema.org\",\"@graph\":[{\"@type\":\"WebPage\",\"@id\":\"https:\/\/daruridelumina.ro\/?product=aroma-difuzoare-pentru-masina-libelula-30mm\",\"url\":\"https:\/\/daruridelumina.ro\/?product=aroma-difuzoare-pentru-masina-libelula-30mm\",\"name\":\"Aroma Difuzoare pentru Ma\u0219in\u0103 - Libelul\u0103- 30mm - Daruri de lumina\",\"isPartOf\":{\"@id\":\"https:\/\/daruridelumina.ro\/#website\"},\"primaryImageOfPage\":{\"@id\":\"https:\/\/daruridelumina.ro\/?product=aroma-difuzoare-pentru-masina-libelula-30mm#primaryimage\"},\"image\":{\"@id\":\"https:\/\/daruridelumina.ro\/?product=aroma-difuzoare-pentru-masina-libelula-30mm#primaryimage\"},\"thumbnailUrl\":\"https:\/\/daruridelumina.ro\/wp-content\/uploads\/2025\/07\/wi-54.jpeg\",\"datePublished\":\"2025-07-02T10:17:49+00:00\",\"breadcrumb\":{\"@id\":\"https:\/\/daruridelumina.ro\/?product=aroma-difuzoare-pentru-masina-libelula-30mm#breadcrumb\"},\"inLanguage\":\"ro-RO\",\"potentialAction\":[{\"@type\":\"ReadAction\",\"target\":[\"https:\/\/daruridelumina.ro\/?product=aroma-difuzoare-pentru-masina-libelula-30mm\"]}]},{\"@type\":\"ImageObject\",\"inLanguage\":\"ro-RO\",\"@id\":\"https:\/\/daruridelumina.ro\/?product=aroma-difuzoare-pentru-masina-libelula-30mm#primaryimage\",\"url\":\"https:\/\/daruridelumina.ro\/wp-content\/uploads\/2025\/07\/wi-54.jpeg\",\"contentUrl\":\"https:\/\/daruridelumina.ro\/wp-content\/uploads\/2025\/07\/wi-54.jpeg\",\"width\":400,\"height\":400},{\"@type\":\"BreadcrumbList\",\"@id\":\"https:\/\/daruridelumina.ro\/?product=aroma-difuzoare-pentru-masina-libelula-30mm#breadcrumb\",\"itemListElement\":[{\"@type\":\"ListItem\",\"position\":1,\"name\":\"Prima pagin\u0103\",\"item\":\"https:\/\/daruridelumina.ro\/\"},{\"@type\":\"ListItem\",\"position\":2,\"name\":\"Magazin\",\"item\":\"https:\/\/daruridelumina.ro\/?page_id=5\"},{\"@type\":\"ListItem\",\"position\":3,\"name\":\"Aroma Difuzoare pentru Ma\u0219in\u0103 &#8211; Libelul\u0103- 30mm\"}]},{\"@type\":\"WebSite\",\"@id\":\"https:\/\/daruridelumina.ro\/#website\",\"url\":\"https:\/\/daruridelumina.ro\/\",\"name\":\"Daruri de lumina\",\"description\":\"\",\"publisher\":{\"@id\":\"https:\/\/daruridelumina.ro\/#organization\"},\"potentialAction\":[{\"@type\":\"SearchAction\",\"target\":{\"@type\":\"EntryPoint\",\"urlTemplate\":\"https:\/\/daruridelumina.ro\/?s={search_term_string}\"},\"query-input\":{\"@type\":\"PropertyValueSpecification\",\"valueRequired\":true,\"valueName\":\"search_term_string\"}}],\"inLanguage\":\"ro-RO\"},{\"@type\":\"Organization\",\"@id\":\"https:\/\/daruridelumina.ro\/#organization\",\"name\":\"Daruri de lumina\",\"url\":\"https:\/\/daruridelumina.ro\/\",\"logo\":{\"@type\":\"ImageObject\",\"inLanguage\":\"ro-RO\",\"@id\":\"https:\/\/daruridelumina.ro\/#\/schema\/logo\/image\/\",\"url\":\"https:\/\/daruridelumina.ro\/wp-content\/uploads\/2025\/06\/daruri_de_lumina_315x100.jpg\",\"contentUrl\":\"https:\/\/daruridelumina.ro\/wp-content\/uploads\/2025\/06\/daruri_de_lumina_315x100.jpg\",\"width\":315,\"height\":100,\"caption\":\"Daruri de lumina\"},\"image\":{\"@id\":\"https:\/\/daruridelumina.ro\/#\/schema\/logo\/image\/\"},\"sameAs\":[\"https:\/\/www.facebook.com\/profile.php?id=61577160707023\"]}]}<\/script>\n<!-- \/ Yoast SEO plugin. -->","yoast_head_json":{"title":"Aroma Difuzoare pentru Ma\u0219in\u0103 - Libelul\u0103- 30mm - Daruri de lumina","robots":{"index":"index","follow":"follow","max-snippet":"max-snippet:-1","max-image-preview":"max-image-preview:large","max-video-preview":"max-video-preview:-1"},"canonical":"https:\/\/daruridelumina.ro\/?product=aroma-difuzoare-pentru-masina-libelula-30mm","og_locale":"ro_RO","og_type":"article","og_title":"Aroma Difuzoare pentru Ma\u0219in\u0103 - Libelul\u0103- 30mm - Daruri de lumina","og_description":"Bucura\u021bi-v\u0103 de c\u0103l\u0103toria dvs. cu ma\u0219ina cu aceste\u00a0Difuzoare de Arome unice \u00a0Pute\u021bi alege uleiurile esen\u021biale sau amestecurile preferate \u0219i pute\u021bi [&hellip;]","og_url":"https:\/\/daruridelumina.ro\/?product=aroma-difuzoare-pentru-masina-libelula-30mm","og_site_name":"Daruri de lumina","article_publisher":"https:\/\/www.facebook.com\/profile.php?id=61577160707023","og_image":[{"width":400,"height":400,"url":"https:\/\/daruridelumina.ro\/wp-content\/uploads\/2025\/07\/wi-54.jpeg","type":"image\/jpeg"}],"twitter_card":"summary_large_image","twitter_misc":{"Timp estimat pentru citire":"1 minut"},"schema":{"@context":"https:\/\/schema.org","@graph":[{"@type":"WebPage","@id":"https:\/\/daruridelumina.ro\/?product=aroma-difuzoare-pentru-masina-libelula-30mm","url":"https:\/\/daruridelumina.ro\/?product=aroma-difuzoare-pentru-masina-libelula-30mm","name":"Aroma Difuzoare pentru Ma\u0219in\u0103 - Libelul\u0103- 30mm - Daruri de lumina","isPartOf":{"@id":"https:\/\/daruridelumina.ro\/#website"},"primaryImageOfPage":{"@id":"https:\/\/daruridelumina.ro\/?product=aroma-difuzoare-pentru-masina-libelula-30mm#primaryimage"},"image":{"@id":"https:\/\/daruridelumina.ro\/?product=aroma-difuzoare-pentru-masina-libelula-30mm#primaryimage"},"thumbnailUrl":"https:\/\/daruridelumina.ro\/wp-content\/uploads\/2025\/07\/wi-54.jpeg","datePublished":"2025-07-02T10:17:49+00:00","breadcrumb":{"@id":"https:\/\/daruridelumina.ro\/?product=aroma-difuzoare-pentru-masina-libelula-30mm#breadcrumb"},"inLanguage":"ro-RO","potentialAction":[{"@type":"ReadAction","target":["https:\/\/daruridelumina.ro\/?product=aroma-difuzoare-pentru-masina-libelula-30mm"]}]},{"@type":"ImageObject","inLanguage":"ro-RO","@id":"https:\/\/daruridelumina.ro\/?product=aroma-difuzoare-pentru-masina-libelula-30mm#primaryimage","url":"https:\/\/daruridelumina.ro\/wp-content\/uploads\/2025\/07\/wi-54.jpeg","contentUrl":"https:\/\/daruridelumina.ro\/wp-content\/uploads\/2025\/07\/wi-54.jpeg","width":400,"height":400},{"@type":"BreadcrumbList","@id":"https:\/\/daruridelumina.ro\/?product=aroma-difuzoare-pentru-masina-libelula-30mm#breadcrumb","itemListElement":[{"@type":"ListItem","position":1,"name":"Prima pagin\u0103","item":"https:\/\/daruridelumina.ro\/"},{"@type":"ListItem","position":2,"name":"Magazin","item":"https:\/\/daruridelumina.ro\/?page_id=5"},{"@type":"ListItem","position":3,"name":"Aroma Difuzoare pentru Ma\u0219in\u0103 &#8211; Libelul\u0103- 30mm"}]},{"@type":"WebSite","@id":"https:\/\/daruridelumina.ro\/#website","url":"https:\/\/daruridelumina.ro\/","name":"Daruri de lumina","description":"","publisher":{"@id":"https:\/\/daruridelumina.ro\/#organization"},"potentialAction":[{"@type":"SearchAction","target":{"@type":"EntryPoint","urlTemplate":"https:\/\/daruridelumina.ro\/?s={search_term_string}"},"query-input":{"@type":"PropertyValueSpecification","valueRequired":true,"valueName":"search_term_string"}}],"inLanguage":"ro-RO"},{"@type":"Organization","@id":"https:\/\/daruridelumina.ro\/#organization","name":"Daruri de lumina","url":"https:\/\/daruridelumina.ro\/","logo":{"@type":"ImageObject","inLanguage":"ro-RO","@id":"https:\/\/daruridelumina.ro\/#\/schema\/logo\/image\/","url":"https:\/\/daruridelumina.ro\/wp-content\/uploads\/2025\/06\/daruri_de_lumina_315x100.jpg","contentUrl":"https:\/\/daruridelumina.ro\/wp-content\/uploads\/2025\/06\/daruri_de_lumina_315x100.jpg","width":315,"height":100,"caption":"Daruri de lumina"},"image":{"@id":"https:\/\/daruridelumina.ro\/#\/schema\/logo\/image\/"},"sameAs":["https:\/\/www.facebook.com\/profile.php?id=61577160707023"]}]}},"_links":{"self":[{"href":"https:\/\/daruridelumina.ro\/index.php?rest_route=\/wp\/v2\/product\/365","targetHints":{"allow":["GET"]}}],"collection":[{"href":"https:\/\/daruridelumina.ro\/index.php?rest_route=\/wp\/v2\/product"}],"about":[{"href":"https:\/\/daruridelumina.ro\/index.php?rest_route=\/wp\/v2\/types\/product"}],"replies":[{"embeddable":true,"href":"https:\/\/daruridelumina.ro\/index.php?rest_route=%2Fwp%2Fv2%2Fcomments&post=365"}],"wp:featuredmedia":[{"embeddable":true,"href":"https:\/\/daruridelumina.ro\/index.php?rest_route=\/wp\/v2\/media\/367"}],"wp:attachment":[{"href":"https:\/\/daruridelumina.ro\/index.php?rest_route=%2Fwp%2Fv2%2Fmedia&parent=365"}],"wp:term":[{"taxonomy":"product_brand","embeddable":true,"href":"https:\/\/daruridelumina.ro\/index.php?rest_route=%2Fwp%2Fv2%2Fproduct_brand&post=365"},{"taxonomy":"product_cat","embeddable":true,"href":"https:\/\/daruridelumina.ro\/index.php?rest_route=%2Fwp%2Fv2%2Fproduct_cat&post=365"},{"taxonomy":"product_tag","embeddable":true,"href":"https:\/\/daruridelumina.ro\/index.php?rest_route=%2Fwp%2Fv2%2Fproduct_tag&post=365"}],"curies":[{"name":"wp","href":"https:\/\/api.w.org\/{rel}","templated":true}]}}