{"id":372,"date":"2025-07-02T10:34:43","date_gmt":"2025-07-02T10:34:43","guid":{"rendered":"https:\/\/daruridelumina.ro\/?post_type=product&#038;p=372"},"modified":"2025-07-02T10:34:43","modified_gmt":"2025-07-02T10:34:43","slug":"difuzor-auto-aromaterapie-simbol-meditatie-si-chakre","status":"publish","type":"product","link":"https:\/\/daruridelumina.ro\/?product=difuzor-auto-aromaterapie-simbol-meditatie-si-chakre","title":{"rendered":"Difuzor Auto Aromaterapie \u2013 Simbol Medita\u021bie \u0219i Chakre"},"content":{"rendered":"<p data-start=\"114\" data-end=\"172\"><strong data-start=\"114\" data-end=\"172\">Difuzor Auto Aromaterapie \u2013 Simbol Medita\u021bie \u0219i Chakre<\/strong><\/p>\n<p data-start=\"174\" data-end=\"504\">Transform\u0103 fiecare drum \u00eentr-o experien\u021b\u0103 de reconectare \u0219i echilibru cu acest difuzor auto inspirat de energia chakrelor. Designul s\u0103u unic \u2013 un simbol al omului \u00een medita\u021bie, \u00eempodobit cu pietre colorate ce reprezint\u0103 cele 7 chakre \u2013 este mai mult dec\u00e2t decorativ: este un talisman pentru calm, prezen\u021b\u0103 \u0219i bun\u0103stare interioar\u0103.<\/p>\n<p data-start=\"506\" data-end=\"525\"><strong data-start=\"506\" data-end=\"525\">Caracteristici:<\/strong><\/p>\n<ul data-start=\"526\" data-end=\"782\">\n<li data-start=\"526\" data-end=\"617\">\n<p data-start=\"528\" data-end=\"617\">Include 10 pastil\u0103e de fetru reutilizabil\u0103, pe care po\u021bi picura uleiuri esen\u021biale preferate( vezi gama de uleiuri)<\/p>\n<\/li>\n<li data-start=\"618\" data-end=\"681\">\n<p data-start=\"620\" data-end=\"681\">Cle\u0219te de prindere sigur pentru grila de ventila\u021bie a ma\u0219inii<\/p>\n<\/li>\n<li data-start=\"682\" data-end=\"782\">\n<p data-start=\"684\" data-end=\"782\">Design elegant \u0219i spiritual \u2013 perfect pentru iubitorii de medita\u021bie, yoga sau dezvoltare personal\u0103<\/p>\n<\/li>\n<\/ul>\n<p data-start=\"784\" data-end=\"798\"><strong data-start=\"784\" data-end=\"798\">Beneficii:<\/strong><\/p>\n<ul data-start=\"799\" data-end=\"984\">\n<li data-start=\"799\" data-end=\"839\">\n<p data-start=\"801\" data-end=\"839\">Ajut\u0103 la reducerea stresului \u00een trafic<\/p>\n<\/li>\n<li data-start=\"840\" data-end=\"912\">\n<p data-start=\"842\" data-end=\"912\">Creeaz\u0103 un spa\u021biu de lini\u0219te \u0219i energie pozitiv\u0103 \u00een interiorul ma\u0219inii<\/p>\n<\/li>\n<li data-start=\"913\" data-end=\"984\">\n<p data-start=\"915\" data-end=\"984\">Un cadou ideal pentru cei pasiona\u021bi de spiritualitate \u0219i aromaterapie<\/p>\n<\/li>\n<\/ul>\n<p data-start=\"986\" data-end=\"1143\">\ud83d\udc9c Adaug\u0103 c\u00e2teva pic\u0103turi de lavand\u0103 pentru calm, eucalipt pentru prospe\u021bime sau portocal\u0103 pentru energie \u2013 \u0219i bucur\u0103-te de o c\u0103l\u0103torie cu sufletul lini\u0219tit.<\/p>\n<p>&nbsp;<\/p>\n<p>&nbsp;<\/p>\n<p>&nbsp;<\/p>\n<p>&#8211; Include 10 inser\u021bii colorate<\/p>\n","protected":false},"excerpt":{"rendered":"<p>Difuzor Auto Aromaterapie \u2013 Simbol Medita\u021bie \u0219i Chakre Transform\u0103 fiecare drum \u00eentr-o experien\u021b\u0103 de reconectare \u0219i echilibru cu acest difuzor [&hellip;]<\/p>\n","protected":false},"featured_media":373,"comment_status":"open","ping_status":"closed","template":"","meta":{"site-sidebar-layout":"default","site-content-layout":"","ast-site-content-layout":"default","site-content-style":"default","site-sidebar-style":"default","ast-global-header-display":"","ast-banner-title-visibility":"","ast-main-header-display":"","ast-hfb-above-header-display":"","ast-hfb-below-header-display":"","ast-hfb-mobile-header-display":"","site-post-title":"","ast-breadcrumbs-content":"","ast-featured-img":"","footer-sml-layout":"","theme-transparent-header-meta":"default","adv-header-id-meta":"","stick-header-meta":"","header-above-stick-meta":"","header-main-stick-meta":"","header-below-stick-meta":"","astra-migrate-meta-layouts":"set","ast-page-background-enabled":"default","ast-page-background-meta":{"desktop":{"background-color":"var(--ast-global-color-5)","background-image":"","background-repeat":"repeat","background-position":"center center","background-size":"auto","background-attachment":"scroll","background-type":"","background-media":"","overlay-type":"","overlay-color":"","overlay-opacity":"","overlay-gradient":""},"tablet":{"background-color":"","background-image":"","background-repeat":"repeat","background-position":"center center","background-size":"auto","background-attachment":"scroll","background-type":"","background-media":"","overlay-type":"","overlay-color":"","overlay-opacity":"","overlay-gradient":""},"mobile":{"background-color":"","background-image":"","background-repeat":"repeat","background-position":"center center","background-size":"auto","background-attachment":"scroll","background-type":"","background-media":"","overlay-type":"","overlay-color":"","overlay-opacity":"","overlay-gradient":""}},"ast-content-background-meta":{"desktop":{"background-color":"var(--ast-global-color-4)","background-image":"","background-repeat":"repeat","background-position":"center center","background-size":"auto","background-attachment":"scroll","background-type":"","background-media":"","overlay-type":"","overlay-color":"","overlay-opacity":"","overlay-gradient":""},"tablet":{"background-color":"var(--ast-global-color-4)","background-image":"","background-repeat":"repeat","background-position":"center center","background-size":"auto","background-attachment":"scroll","background-type":"","background-media":"","overlay-type":"","overlay-color":"","overlay-opacity":"","overlay-gradient":""},"mobile":{"background-color":"var(--ast-global-color-4)","background-image":"","background-repeat":"repeat","background-position":"center center","background-size":"auto","background-attachment":"scroll","background-type":"","background-media":"","overlay-type":"","overlay-color":"","overlay-opacity":"","overlay-gradient":""}}},"product_brand":[],"product_cat":[28,33,26,31,25,32],"product_tag":[],"class_list":{"0":"post-372","1":"product","2":"type-product","3":"status-publish","4":"has-post-thumbnail","6":"product_cat-aromaterapie","7":"product_cat-cadouri-si-ocazii-speciale","8":"product_cat-cele-7-chakre","9":"product_cat-curatare-energetica","10":"product_cat-seturi-energetice-ritualuri-de-lumina","11":"product_cat-uleiuri-si-esente","12":"desktop-align-left","13":"tablet-align-left","14":"mobile-align-left","16":"first","17":"instock","18":"sale","19":"shipping-taxable","20":"purchasable","21":"product-type-simple"},"yoast_head":"<!-- This site is optimized with the Yoast SEO plugin v25.4 - https:\/\/yoast.com\/wordpress\/plugins\/seo\/ -->\n<title>Difuzor Auto Aromaterapie \u2013 Simbol Medita\u021bie \u0219i Chakre - Daruri de lumina<\/title>\n<meta name=\"robots\" content=\"index, follow, max-snippet:-1, max-image-preview:large, max-video-preview:-1\" \/>\n<link rel=\"canonical\" href=\"https:\/\/daruridelumina.ro\/?product=difuzor-auto-aromaterapie-simbol-meditatie-si-chakre\" \/>\n<meta property=\"og:locale\" content=\"ro_RO\" \/>\n<meta property=\"og:type\" content=\"article\" \/>\n<meta property=\"og:title\" content=\"Difuzor Auto Aromaterapie \u2013 Simbol Medita\u021bie \u0219i Chakre - Daruri de lumina\" \/>\n<meta property=\"og:description\" content=\"Difuzor Auto Aromaterapie \u2013 Simbol Medita\u021bie \u0219i Chakre Transform\u0103 fiecare drum \u00eentr-o experien\u021b\u0103 de reconectare \u0219i echilibru cu acest difuzor [&hellip;]\" \/>\n<meta property=\"og:url\" content=\"https:\/\/daruridelumina.ro\/?product=difuzor-auto-aromaterapie-simbol-meditatie-si-chakre\" \/>\n<meta property=\"og:site_name\" content=\"Daruri de lumina\" \/>\n<meta property=\"article:publisher\" content=\"https:\/\/www.facebook.com\/profile.php?id=61577160707023\" \/>\n<meta property=\"og:image\" content=\"https:\/\/daruridelumina.ro\/wp-content\/uploads\/2025\/07\/ChatGPT-Image-2-iul.-2025-13_32_47-683x1024.png\" \/>\n\t<meta property=\"og:image:width\" content=\"683\" \/>\n\t<meta property=\"og:image:height\" content=\"1024\" \/>\n\t<meta property=\"og:image:type\" content=\"image\/png\" \/>\n<meta name=\"twitter:card\" content=\"summary_large_image\" \/>\n<meta name=\"twitter:label1\" content=\"Timp estimat pentru citire\" \/>\n\t<meta name=\"twitter:data1\" content=\"2 minute\" \/>\n<script type=\"application\/ld+json\" class=\"yoast-schema-graph\">{\"@context\":\"https:\/\/schema.org\",\"@graph\":[{\"@type\":\"WebPage\",\"@id\":\"https:\/\/daruridelumina.ro\/?product=difuzor-auto-aromaterapie-simbol-meditatie-si-chakre\",\"url\":\"https:\/\/daruridelumina.ro\/?product=difuzor-auto-aromaterapie-simbol-meditatie-si-chakre\",\"name\":\"Difuzor Auto Aromaterapie \u2013 Simbol Medita\u021bie \u0219i Chakre - Daruri de lumina\",\"isPartOf\":{\"@id\":\"https:\/\/daruridelumina.ro\/#website\"},\"primaryImageOfPage\":{\"@id\":\"https:\/\/daruridelumina.ro\/?product=difuzor-auto-aromaterapie-simbol-meditatie-si-chakre#primaryimage\"},\"image\":{\"@id\":\"https:\/\/daruridelumina.ro\/?product=difuzor-auto-aromaterapie-simbol-meditatie-si-chakre#primaryimage\"},\"thumbnailUrl\":\"https:\/\/daruridelumina.ro\/wp-content\/uploads\/2025\/07\/ChatGPT-Image-2-iul.-2025-13_32_47.png\",\"datePublished\":\"2025-07-02T10:34:43+00:00\",\"breadcrumb\":{\"@id\":\"https:\/\/daruridelumina.ro\/?product=difuzor-auto-aromaterapie-simbol-meditatie-si-chakre#breadcrumb\"},\"inLanguage\":\"ro-RO\",\"potentialAction\":[{\"@type\":\"ReadAction\",\"target\":[\"https:\/\/daruridelumina.ro\/?product=difuzor-auto-aromaterapie-simbol-meditatie-si-chakre\"]}]},{\"@type\":\"ImageObject\",\"inLanguage\":\"ro-RO\",\"@id\":\"https:\/\/daruridelumina.ro\/?product=difuzor-auto-aromaterapie-simbol-meditatie-si-chakre#primaryimage\",\"url\":\"https:\/\/daruridelumina.ro\/wp-content\/uploads\/2025\/07\/ChatGPT-Image-2-iul.-2025-13_32_47.png\",\"contentUrl\":\"https:\/\/daruridelumina.ro\/wp-content\/uploads\/2025\/07\/ChatGPT-Image-2-iul.-2025-13_32_47.png\",\"width\":1024,\"height\":1536},{\"@type\":\"BreadcrumbList\",\"@id\":\"https:\/\/daruridelumina.ro\/?product=difuzor-auto-aromaterapie-simbol-meditatie-si-chakre#breadcrumb\",\"itemListElement\":[{\"@type\":\"ListItem\",\"position\":1,\"name\":\"Prima pagin\u0103\",\"item\":\"https:\/\/daruridelumina.ro\/\"},{\"@type\":\"ListItem\",\"position\":2,\"name\":\"Magazin\",\"item\":\"https:\/\/daruridelumina.ro\/?page_id=5\"},{\"@type\":\"ListItem\",\"position\":3,\"name\":\"Difuzor Auto Aromaterapie \u2013 Simbol Medita\u021bie \u0219i Chakre\"}]},{\"@type\":\"WebSite\",\"@id\":\"https:\/\/daruridelumina.ro\/#website\",\"url\":\"https:\/\/daruridelumina.ro\/\",\"name\":\"Daruri de lumina\",\"description\":\"\",\"publisher\":{\"@id\":\"https:\/\/daruridelumina.ro\/#organization\"},\"potentialAction\":[{\"@type\":\"SearchAction\",\"target\":{\"@type\":\"EntryPoint\",\"urlTemplate\":\"https:\/\/daruridelumina.ro\/?s={search_term_string}\"},\"query-input\":{\"@type\":\"PropertyValueSpecification\",\"valueRequired\":true,\"valueName\":\"search_term_string\"}}],\"inLanguage\":\"ro-RO\"},{\"@type\":\"Organization\",\"@id\":\"https:\/\/daruridelumina.ro\/#organization\",\"name\":\"Daruri de lumina\",\"url\":\"https:\/\/daruridelumina.ro\/\",\"logo\":{\"@type\":\"ImageObject\",\"inLanguage\":\"ro-RO\",\"@id\":\"https:\/\/daruridelumina.ro\/#\/schema\/logo\/image\/\",\"url\":\"https:\/\/daruridelumina.ro\/wp-content\/uploads\/2025\/06\/daruri_de_lumina_315x100.jpg\",\"contentUrl\":\"https:\/\/daruridelumina.ro\/wp-content\/uploads\/2025\/06\/daruri_de_lumina_315x100.jpg\",\"width\":315,\"height\":100,\"caption\":\"Daruri de lumina\"},\"image\":{\"@id\":\"https:\/\/daruridelumina.ro\/#\/schema\/logo\/image\/\"},\"sameAs\":[\"https:\/\/www.facebook.com\/profile.php?id=61577160707023\"]}]}<\/script>\n<!-- \/ Yoast SEO plugin. -->","yoast_head_json":{"title":"Difuzor Auto Aromaterapie \u2013 Simbol Medita\u021bie \u0219i Chakre - Daruri de lumina","robots":{"index":"index","follow":"follow","max-snippet":"max-snippet:-1","max-image-preview":"max-image-preview:large","max-video-preview":"max-video-preview:-1"},"canonical":"https:\/\/daruridelumina.ro\/?product=difuzor-auto-aromaterapie-simbol-meditatie-si-chakre","og_locale":"ro_RO","og_type":"article","og_title":"Difuzor Auto Aromaterapie \u2013 Simbol Medita\u021bie \u0219i Chakre - Daruri de lumina","og_description":"Difuzor Auto Aromaterapie \u2013 Simbol Medita\u021bie \u0219i Chakre Transform\u0103 fiecare drum \u00eentr-o experien\u021b\u0103 de reconectare \u0219i echilibru cu acest difuzor [&hellip;]","og_url":"https:\/\/daruridelumina.ro\/?product=difuzor-auto-aromaterapie-simbol-meditatie-si-chakre","og_site_name":"Daruri de lumina","article_publisher":"https:\/\/www.facebook.com\/profile.php?id=61577160707023","og_image":[{"width":683,"height":1024,"url":"https:\/\/daruridelumina.ro\/wp-content\/uploads\/2025\/07\/ChatGPT-Image-2-iul.-2025-13_32_47-683x1024.png","type":"image\/png"}],"twitter_card":"summary_large_image","twitter_misc":{"Timp estimat pentru citire":"2 minute"},"schema":{"@context":"https:\/\/schema.org","@graph":[{"@type":"WebPage","@id":"https:\/\/daruridelumina.ro\/?product=difuzor-auto-aromaterapie-simbol-meditatie-si-chakre","url":"https:\/\/daruridelumina.ro\/?product=difuzor-auto-aromaterapie-simbol-meditatie-si-chakre","name":"Difuzor Auto Aromaterapie \u2013 Simbol Medita\u021bie \u0219i Chakre - Daruri de lumina","isPartOf":{"@id":"https:\/\/daruridelumina.ro\/#website"},"primaryImageOfPage":{"@id":"https:\/\/daruridelumina.ro\/?product=difuzor-auto-aromaterapie-simbol-meditatie-si-chakre#primaryimage"},"image":{"@id":"https:\/\/daruridelumina.ro\/?product=difuzor-auto-aromaterapie-simbol-meditatie-si-chakre#primaryimage"},"thumbnailUrl":"https:\/\/daruridelumina.ro\/wp-content\/uploads\/2025\/07\/ChatGPT-Image-2-iul.-2025-13_32_47.png","datePublished":"2025-07-02T10:34:43+00:00","breadcrumb":{"@id":"https:\/\/daruridelumina.ro\/?product=difuzor-auto-aromaterapie-simbol-meditatie-si-chakre#breadcrumb"},"inLanguage":"ro-RO","potentialAction":[{"@type":"ReadAction","target":["https:\/\/daruridelumina.ro\/?product=difuzor-auto-aromaterapie-simbol-meditatie-si-chakre"]}]},{"@type":"ImageObject","inLanguage":"ro-RO","@id":"https:\/\/daruridelumina.ro\/?product=difuzor-auto-aromaterapie-simbol-meditatie-si-chakre#primaryimage","url":"https:\/\/daruridelumina.ro\/wp-content\/uploads\/2025\/07\/ChatGPT-Image-2-iul.-2025-13_32_47.png","contentUrl":"https:\/\/daruridelumina.ro\/wp-content\/uploads\/2025\/07\/ChatGPT-Image-2-iul.-2025-13_32_47.png","width":1024,"height":1536},{"@type":"BreadcrumbList","@id":"https:\/\/daruridelumina.ro\/?product=difuzor-auto-aromaterapie-simbol-meditatie-si-chakre#breadcrumb","itemListElement":[{"@type":"ListItem","position":1,"name":"Prima pagin\u0103","item":"https:\/\/daruridelumina.ro\/"},{"@type":"ListItem","position":2,"name":"Magazin","item":"https:\/\/daruridelumina.ro\/?page_id=5"},{"@type":"ListItem","position":3,"name":"Difuzor Auto Aromaterapie \u2013 Simbol Medita\u021bie \u0219i Chakre"}]},{"@type":"WebSite","@id":"https:\/\/daruridelumina.ro\/#website","url":"https:\/\/daruridelumina.ro\/","name":"Daruri de lumina","description":"","publisher":{"@id":"https:\/\/daruridelumina.ro\/#organization"},"potentialAction":[{"@type":"SearchAction","target":{"@type":"EntryPoint","urlTemplate":"https:\/\/daruridelumina.ro\/?s={search_term_string}"},"query-input":{"@type":"PropertyValueSpecification","valueRequired":true,"valueName":"search_term_string"}}],"inLanguage":"ro-RO"},{"@type":"Organization","@id":"https:\/\/daruridelumina.ro\/#organization","name":"Daruri de lumina","url":"https:\/\/daruridelumina.ro\/","logo":{"@type":"ImageObject","inLanguage":"ro-RO","@id":"https:\/\/daruridelumina.ro\/#\/schema\/logo\/image\/","url":"https:\/\/daruridelumina.ro\/wp-content\/uploads\/2025\/06\/daruri_de_lumina_315x100.jpg","contentUrl":"https:\/\/daruridelumina.ro\/wp-content\/uploads\/2025\/06\/daruri_de_lumina_315x100.jpg","width":315,"height":100,"caption":"Daruri de lumina"},"image":{"@id":"https:\/\/daruridelumina.ro\/#\/schema\/logo\/image\/"},"sameAs":["https:\/\/www.facebook.com\/profile.php?id=61577160707023"]}]}},"_links":{"self":[{"href":"https:\/\/daruridelumina.ro\/index.php?rest_route=\/wp\/v2\/product\/372","targetHints":{"allow":["GET"]}}],"collection":[{"href":"https:\/\/daruridelumina.ro\/index.php?rest_route=\/wp\/v2\/product"}],"about":[{"href":"https:\/\/daruridelumina.ro\/index.php?rest_route=\/wp\/v2\/types\/product"}],"replies":[{"embeddable":true,"href":"https:\/\/daruridelumina.ro\/index.php?rest_route=%2Fwp%2Fv2%2Fcomments&post=372"}],"wp:featuredmedia":[{"embeddable":true,"href":"https:\/\/daruridelumina.ro\/index.php?rest_route=\/wp\/v2\/media\/373"}],"wp:attachment":[{"href":"https:\/\/daruridelumina.ro\/index.php?rest_route=%2Fwp%2Fv2%2Fmedia&parent=372"}],"wp:term":[{"taxonomy":"product_brand","embeddable":true,"href":"https:\/\/daruridelumina.ro\/index.php?rest_route=%2Fwp%2Fv2%2Fproduct_brand&post=372"},{"taxonomy":"product_cat","embeddable":true,"href":"https:\/\/daruridelumina.ro\/index.php?rest_route=%2Fwp%2Fv2%2Fproduct_cat&post=372"},{"taxonomy":"product_tag","embeddable":true,"href":"https:\/\/daruridelumina.ro\/index.php?rest_route=%2Fwp%2Fv2%2Fproduct_tag&post=372"}],"curies":[{"name":"wp","href":"https:\/\/api.w.org\/{rel}","templated":true}]}}